{"id":4041,"date":"2021-11-14T10:43:58","date_gmt":"2021-11-14T10:43:58","guid":{"rendered":"https:\/\/iberotradeplace.com\/quienes-somos\/"},"modified":"2024-04-30T09:28:59","modified_gmt":"2024-04-30T09:28:59","slug":"quienes-somos","status":"publish","type":"page","link":"https:\/\/iberotradeplace.com\/de\/quienes-somos\/","title":{"rendered":"WER SIND WIR"},"content":{"rendered":"<p>[vc_row][vc_column][vc_column_text]Unsere Plattform legt einen Meilenstein, indem man bei uns Immobilien &#8220;testen&#8221; kann, bevor man diese Objekte erwirbt. Hierf\u00fcr k\u00f6nnen Sie die Funktion &#8220;Kurzzeitmiete mit Kaufrecht&#8221; probieren und die Immobilie, die Eigent\u00fcmergemeinschaft, die Nachbarn und die Umgebung vorab kennenlernen. Wenn es bei einem Auto eine Probefahrt gibt, wieso gibt es bei einer Immobilie kein &#8220;Probewohnen&#8221;? Die Kosten der Kurzzeitmiete werden bei einem anschlie\u00dfenden Erwerb vom Kaufpreis abgezogen.[\/vc_column_text][\/vc_column][\/vc_row][vc_row equal_height=&#8221;yes&#8221;][vc_column width=&#8221;1\/2&#8243; offset=&#8221;vc_hidden-lg vc_hidden-md vc_hidden-sm&#8221;][vc_single_image image=&#8221;3747&#8243; img_size=&#8221;full&#8221;][\/vc_column][vc_column width=&#8221;1\/2&#8243; offset=&#8221;vc_hidden-lg vc_hidden-md vc_hidden-sm&#8221;][vc_column_text]<\/p>\n<h2>&#8220;Es ist nicht kalt, es ist Qualit\u00e4t.&#8221;<\/h2>\n<p>Profitiere von der weiten Produktpalette, die seitens ITP \u2013 Ibero Trade Place angeboten wird. Wir sind ein vielf\u00e4ltiges Team und verf\u00fcgen \u00fcber eine langj\u00e4hrige Erfahrung in der Vermittlung von Immobilien und Gewerben. Unser Team sucht nicht nur auf dem spanischen Markt sondern auch im Ausland, wo wir einen guten Draht zu internationalen Kunden aufbauen, die eine positive Bonit\u00e4t und Liquidit\u00e4t aufweisen. Beschr\u00e4nke Dich also nicht nur auf spanische Kunden und erweitere Deine Erfolgsaussichten indem Deine W\u00fcnsche auch international verbreitet werden. Wir sprechen spanisch, englisch und deutsch. Mit ITP werden Deine Optionen deutlich erh\u00f6ht und Dein Erfolgsdurst kurzfristig gel\u00f6scht.[\/vc_column_text][\/vc_column][\/vc_row][vc_row equal_height=&#8221;yes&#8221;][vc_column width=&#8221;1\/2&#8243; offset=&#8221;vc_hidden-lg vc_hidden-md vc_hidden-sm&#8221;][vc_single_image image=&#8221;4005&#8243; img_size=&#8221;full&#8221;][\/vc_column][vc_column width=&#8221;1\/2&#8243; offset=&#8221;vc_hidden-lg vc_hidden-md vc_hidden-sm&#8221;][vc_column_text]<\/p>\n<div>\n<p>ITP ist auch der richtige Ansprechpartner bei K\u00e4ufen oder Verk\u00e4ufen von gewerblichen Aktivit\u00e4ten, sogar bei der Abgabe von Lizenzen und Konzessionen. Mit uns kann man entweder vollst\u00e4ndig oder auch nur teilweise ein Gesch\u00e4ft \u00fcbernehmen oder verkaufen, stets mit der Gewissheit von Profis betreut zu werden.<\/p>\n<\/div>\n<div>\n<ul>\n<li>Bist Du kurz vor der Rente und hast keinen Nachfolger?<\/li>\n<li>Ist bei Dir die Luft raus und fehlt die n\u00f6tige Motivation?<\/li>\n<li>Keine Zeit oder kein Geld mehr um das Gesch\u00e4ft weiter am Leben zu halten?<\/li>\n<li>Musst Du Deine Aktivit\u00e4t aufgrund pers\u00f6nlicher Gr\u00fcnde abgeben?<\/li>\n<li>M\u00f6chtest Du gerne ein bereits funktionierendes Gesch\u00e4ft \u00fcbernehmen und m\u00f6chtest nicht von Null auf starten?<\/li>\n<\/ul>\n<div><strong>Kontaktiere unser Team und lasse Dich von Experten beraten.<\/strong><\/div>\n<\/div>\n<p>[\/vc_column_text][\/vc_column][\/vc_row][vc_row equal_height=&#8221;yes&#8221;][vc_column width=&#8221;1\/2&#8243; css=&#8221;.vc_custom_1637837300738{background-image: url(https:\/\/iberotradeplace.com\/wp-content\/uploads\/2021\/11\/No-es-frio.jpg?id=3747) !important;}&#8221; offset=&#8221;vc_hidden-xs&#8221;][\/vc_column][vc_column width=&#8221;1\/2&#8243; offset=&#8221;vc_hidden-xs&#8221;][vc_column_text]<\/p>\n<h2>&#8220;Es ist nicht kalt, es ist Qualit\u00e4t.&#8221;<\/h2>\n<p>Profitiere von der weiten Produktpalette, die seitens ITP \u2013 Ibero Trade Place angeboten wird. Wir sind ein vielf\u00e4ltiges Team und verf\u00fcgen \u00fcber eine langj\u00e4hrige Erfahrung in der Vermittlung von Immobilien und Gewerben. Unser Team sucht nicht nur auf dem spanischen Markt sondern auch im Ausland, wo wir einen guten Draht zu internationalen Kunden aufbauen, die eine positive Bonit\u00e4t und Liquidit\u00e4t aufweisen. Beschr\u00e4nke Dich also nicht nur auf spanische Kunden und erweitere Deine Erfolgsaussichten indem Deine W\u00fcnsche auch international verbreitet werden. Wir sprechen spanisch, englisch und deutsch. Mit ITP werden Deine Optionen deutlich erh\u00f6ht und Dein Erfolgsdurst kurzfristig gel\u00f6scht.[\/vc_column_text][\/vc_column][\/vc_row][vc_row equal_height=&#8221;yes&#8221;][vc_column width=&#8221;1\/2&#8243; css=&#8221;.vc_custom_1637837730455{margin-top: 55px !important;}&#8221; offset=&#8221;vc_hidden-xs&#8221;][vc_column_text]<\/p>\n<div>\n<p>ITP ist auch der richtige Ansprechpartner bei K\u00e4ufen oder Verk\u00e4ufen von gewerblichen Aktivit\u00e4ten, sogar bei der Abgabe von Lizenzen und Konzessionen. Mit uns kann man entweder vollst\u00e4ndig oder auch nur teilweise ein Gesch\u00e4ft \u00fcbernehmen oder verkaufen, stets mit der Gewissheit von Profis betreut zu werden.<\/p>\n<\/div>\n<div>\n<ul>\n<li>Bist Du kurz vor der Rente und hast keinen Nachfolger?<\/li>\n<li>Ist bei Dir die Luft raus und fehlt die n\u00f6tige Motivation?<\/li>\n<li>Keine Zeit oder kein Geld mehr um das Gesch\u00e4ft weiter am Leben zu halten?<\/li>\n<li>Musst Du Deine Aktivit\u00e4t aufgrund pers\u00f6nlicher Gr\u00fcnde abgeben?<\/li>\n<li>M\u00f6chtest Du gerne ein bereits funktionierendes Gesch\u00e4ft \u00fcbernehmen und m\u00f6chtest nicht von Null auf starten?<\/li>\n<\/ul>\n<div><strong>Kontaktiere unser Team und lasse Dich von Experten beraten.<\/strong><\/div>\n<\/div>\n<p>[\/vc_column_text][\/vc_column][vc_column width=&#8221;1\/2&#8243; css=&#8221;.vc_custom_1637837308221{background-image: url(https:\/\/iberotradeplace.com\/wp-content\/uploads\/2021\/11\/Quienes-somos.jpg?id=4005) !important;}&#8221; offset=&#8221;vc_hidden-xs&#8221;][\/vc_column][\/vc_row]<\/p>\n","protected":false},"excerpt":{"rendered":"<p>[vc_row][vc_column][vc_column_text]Unsere Plattform legt einen Meilenstein, indem man bei uns Immobilien &#8220;testen&#8221; kann, bevor man diese Objekte erwirbt. Hierf\u00fcr k\u00f6nnen Sie die Funktion &#8220;Kurzzeitmiete mit Kaufrecht&#8221; probieren und die Immobilie, die Eigent\u00fcmergemeinschaft, die Nachbarn und die Umgebung vorab kennenlernen. Wenn es bei einem Auto eine Probefahrt gibt, wieso gibt es bei einer Immobilie kein &#8220;Probewohnen&#8221;? Die [&hellip;]<\/p>\n","protected":false},"author":1,"featured_media":0,"parent":0,"menu_order":0,"comment_status":"closed","ping_status":"closed","template":"page-templates\/full-width.php","meta":{"footnotes":""},"class_list":["post-4041","page","type-page","status-publish","hentry","clearfix"],"_links":{"self":[{"href":"https:\/\/iberotradeplace.com\/de\/wp-json\/wp\/v2\/pages\/4041","targetHints":{"allow":["GET"]}}],"collection":[{"href":"https:\/\/iberotradeplace.com\/de\/wp-json\/wp\/v2\/pages"}],"about":[{"href":"https:\/\/iberotradeplace.com\/de\/wp-json\/wp\/v2\/types\/page"}],"author":[{"embeddable":true,"href":"https:\/\/iberotradeplace.com\/de\/wp-json\/wp\/v2\/users\/1"}],"replies":[{"embeddable":true,"href":"https:\/\/iberotradeplace.com\/de\/wp-json\/wp\/v2\/comments?post=4041"}],"version-history":[{"count":6,"href":"https:\/\/iberotradeplace.com\/de\/wp-json\/wp\/v2\/pages\/4041\/revisions"}],"predecessor-version":[{"id":4625,"href":"https:\/\/iberotradeplace.com\/de\/wp-json\/wp\/v2\/pages\/4041\/revisions\/4625"}],"wp:attachment":[{"href":"https:\/\/iberotradeplace.com\/de\/wp-json\/wp\/v2\/media?parent=4041"}],"curies":[{"name":"wp","href":"https:\/\/api.w.org\/{rel}","templated":true}]}}